{"id":57266,"date":"2024-05-08T14:51:58","date_gmt":"2024-05-08T12:51:58","guid":{"rendered":"https:\/\/www.sauter-controls.com\/?page_id=57266"},"modified":"2024-05-08T15:06:07","modified_gmt":"2024-05-08T13:06:07","slug":"projets-2","status":"publish","type":"page","link":"https:\/\/www.sauter-controls.com\/fr\/services\/projets-2\/","title":{"rendered":"Projets"},"content":{"rendered":"","protected":false},"excerpt":{"rendered":"","protected":false},"author":55,"featured_media":0,"parent":2616,"menu_order":0,"comment_status":"closed","ping_status":"closed","template":"","meta":{"_acf_changed":false,"footnotes":""},"class_list":["post-57266","page","type-page","status-publish","hentry"],"acf":[],"yoast_head":"<!-- This site is optimized with the Yoast SEO plugin v26.1.1 - https:\/\/yoast.com\/wordpress\/plugins\/seo\/ -->\n<title>Projets<\/title>\n<meta name=\"description\" content=\"D\u00e9couvrez notre savoir-faire en mati\u00e8re de projets, qu&#039;il s&#039;agisse de petits ou de grands projets ! Qu\u2018il s\u2018agisse d\u2018une construction neuve, d\u2018une r\u00e9novation ou de l\u2018exploitation d\u2018un b\u00e2timent, SAUTER est votre partenaire fiable en mati\u00e8re de p\u00e9r\u00e9nnit\u00e9, de s\u00e9curit\u00e9 d\u2018exploitation et de confort des biens immobiliers.\" \/>\n<meta name=\"robots\" content=\"index, follow, max-snippet:-1, max-image-preview:large, max-video-preview:-1\" \/>\n<link rel=\"canonical\" href=\"https:\/\/www.sauter-controls.com\/fr\/services\/projets-2\/\" \/>\n<meta property=\"og:locale\" content=\"fr_FR\" \/>\n<meta property=\"og:type\" content=\"article\" \/>\n<meta property=\"og:title\" content=\"Projets\" \/>\n<meta property=\"og:description\" content=\"D\u00e9couvrez notre savoir-faire en mati\u00e8re de projets, qu&#039;il s&#039;agisse de petits ou de grands projets ! Qu\u2018il s\u2018agisse d\u2018une construction neuve, d\u2018une r\u00e9novation ou de l\u2018exploitation d\u2018un b\u00e2timent, SAUTER est votre partenaire fiable en mati\u00e8re de p\u00e9r\u00e9nnit\u00e9, de s\u00e9curit\u00e9 d\u2018exploitation et de confort des biens immobiliers.\" \/>\n<meta property=\"og:url\" content=\"https:\/\/www.sauter-controls.com\/fr\/services\/projets-2\/\" \/>\n<meta property=\"og:site_name\" content=\"sauter-controls.com\" \/>\n<meta property=\"article:modified_time\" content=\"2024-05-08T13:06:07+00:00\" \/>\n<meta name=\"twitter:card\" content=\"summary_large_image\" \/>\n<script type=\"application\/ld+json\" class=\"yoast-schema-graph\">{\"@context\":\"https:\/\/schema.org\",\"@graph\":[{\"@type\":\"WebPage\",\"@id\":\"https:\/\/www.sauter-controls.com\/fr\/services\/projets-2\/\",\"url\":\"https:\/\/www.sauter-controls.com\/fr\/services\/projets-2\/\",\"name\":\"Projets\",\"isPartOf\":{\"@id\":\"https:\/\/www.sauter-controls.com\/en\/#website\"},\"datePublished\":\"2024-05-08T12:51:58+00:00\",\"dateModified\":\"2024-05-08T13:06:07+00:00\",\"description\":\"D\u00e9couvrez notre savoir-faire en mati\u00e8re de projets, qu'il s'agisse de petits ou de grands projets ! Qu\u2018il s\u2018agisse d\u2018une construction neuve, d\u2018une r\u00e9novation ou de l\u2018exploitation d\u2018un b\u00e2timent, SAUTER est votre partenaire fiable en mati\u00e8re de p\u00e9r\u00e9nnit\u00e9, de s\u00e9curit\u00e9 d\u2018exploitation et de confort des biens immobiliers.\",\"breadcrumb\":{\"@id\":\"https:\/\/www.sauter-controls.com\/fr\/services\/projets-2\/#breadcrumb\"},\"inLanguage\":\"fr-FR\",\"potentialAction\":[{\"@type\":\"ReadAction\",\"target\":[\"https:\/\/www.sauter-controls.com\/fr\/services\/projets-2\/\"]}]},{\"@type\":\"BreadcrumbList\",\"@id\":\"https:\/\/www.sauter-controls.com\/fr\/services\/projets-2\/#breadcrumb\",\"itemListElement\":[{\"@type\":\"ListItem\",\"position\":1,\"name\":\"Home\",\"item\":\"https:\/\/www.sauter-controls.com\/fr\/\"},{\"@type\":\"ListItem\",\"position\":2,\"name\":\"Services\",\"item\":\"https:\/\/www.sauter-controls.com\/fr\/services\/\"},{\"@type\":\"ListItem\",\"position\":3,\"name\":\"Projets\"}]},{\"@type\":\"WebSite\",\"@id\":\"https:\/\/www.sauter-controls.com\/en\/#website\",\"url\":\"https:\/\/www.sauter-controls.com\/en\/\",\"name\":\"sauter-controls.com\",\"description\":\"\",\"potentialAction\":[{\"@type\":\"SearchAction\",\"target\":{\"@type\":\"EntryPoint\",\"urlTemplate\":\"https:\/\/www.sauter-controls.com\/en\/?s={search_term_string}\"},\"query-input\":{\"@type\":\"PropertyValueSpecification\",\"valueRequired\":true,\"valueName\":\"search_term_string\"}}],\"inLanguage\":\"fr-FR\"}]}<\/script>\n<!-- \/ Yoast SEO plugin. -->","yoast_head_json":{"title":"Projets","description":"D\u00e9couvrez notre savoir-faire en mati\u00e8re de projets, qu'il s'agisse de petits ou de grands projets ! Qu\u2018il s\u2018agisse d\u2018une construction neuve, d\u2018une r\u00e9novation ou de l\u2018exploitation d\u2018un b\u00e2timent, SAUTER est votre partenaire fiable en mati\u00e8re de p\u00e9r\u00e9nnit\u00e9, de s\u00e9curit\u00e9 d\u2018exploitation et de confort des biens immobiliers.","robots":{"index":"index","follow":"follow","max-snippet":"max-snippet:-1","max-image-preview":"max-image-preview:large","max-video-preview":"max-video-preview:-1"},"canonical":"https:\/\/www.sauter-controls.com\/fr\/services\/projets-2\/","og_locale":"fr_FR","og_type":"article","og_title":"Projets","og_description":"D\u00e9couvrez notre savoir-faire en mati\u00e8re de projets, qu'il s'agisse de petits ou de grands projets ! Qu\u2018il s\u2018agisse d\u2018une construction neuve, d\u2018une r\u00e9novation ou de l\u2018exploitation d\u2018un b\u00e2timent, SAUTER est votre partenaire fiable en mati\u00e8re de p\u00e9r\u00e9nnit\u00e9, de s\u00e9curit\u00e9 d\u2018exploitation et de confort des biens immobiliers.","og_url":"https:\/\/www.sauter-controls.com\/fr\/services\/projets-2\/","og_site_name":"sauter-controls.com","article_modified_time":"2024-05-08T13:06:07+00:00","twitter_card":"summary_large_image","schema":{"@context":"https:\/\/schema.org","@graph":[{"@type":"WebPage","@id":"https:\/\/www.sauter-controls.com\/fr\/services\/projets-2\/","url":"https:\/\/www.sauter-controls.com\/fr\/services\/projets-2\/","name":"Projets","isPartOf":{"@id":"https:\/\/www.sauter-controls.com\/en\/#website"},"datePublished":"2024-05-08T12:51:58+00:00","dateModified":"2024-05-08T13:06:07+00:00","description":"D\u00e9couvrez notre savoir-faire en mati\u00e8re de projets, qu'il s'agisse de petits ou de grands projets ! Qu\u2018il s\u2018agisse d\u2018une construction neuve, d\u2018une r\u00e9novation ou de l\u2018exploitation d\u2018un b\u00e2timent, SAUTER est votre partenaire fiable en mati\u00e8re de p\u00e9r\u00e9nnit\u00e9, de s\u00e9curit\u00e9 d\u2018exploitation et de confort des biens immobiliers.","breadcrumb":{"@id":"https:\/\/www.sauter-controls.com\/fr\/services\/projets-2\/#breadcrumb"},"inLanguage":"fr-FR","potentialAction":[{"@type":"ReadAction","target":["https:\/\/www.sauter-controls.com\/fr\/services\/projets-2\/"]}]},{"@type":"BreadcrumbList","@id":"https:\/\/www.sauter-controls.com\/fr\/services\/projets-2\/#breadcrumb","itemListElement":[{"@type":"ListItem","position":1,"name":"Home","item":"https:\/\/www.sauter-controls.com\/fr\/"},{"@type":"ListItem","position":2,"name":"Services","item":"https:\/\/www.sauter-controls.com\/fr\/services\/"},{"@type":"ListItem","position":3,"name":"Projets"}]},{"@type":"WebSite","@id":"https:\/\/www.sauter-controls.com\/en\/#website","url":"https:\/\/www.sauter-controls.com\/en\/","name":"sauter-controls.com","description":"","potentialAction":[{"@type":"SearchAction","target":{"@type":"EntryPoint","urlTemplate":"https:\/\/www.sauter-controls.com\/en\/?s={search_term_string}"},"query-input":{"@type":"PropertyValueSpecification","valueRequired":true,"valueName":"search_term_string"}}],"inLanguage":"fr-FR"}]}},"_links":{"self":[{"href":"https:\/\/www.sauter-controls.com\/fr\/wp-json\/wp\/v2\/pages\/57266","targetHints":{"allow":["GET"]}}],"collection":[{"href":"https:\/\/www.sauter-controls.com\/fr\/wp-json\/wp\/v2\/pages"}],"about":[{"href":"https:\/\/www.sauter-controls.com\/fr\/wp-json\/wp\/v2\/types\/page"}],"author":[{"embeddable":true,"href":"https:\/\/www.sauter-controls.com\/fr\/wp-json\/wp\/v2\/users\/55"}],"replies":[{"embeddable":true,"href":"https:\/\/www.sauter-controls.com\/fr\/wp-json\/wp\/v2\/comments?post=57266"}],"version-history":[{"count":7,"href":"https:\/\/www.sauter-controls.com\/fr\/wp-json\/wp\/v2\/pages\/57266\/revisions"}],"predecessor-version":[{"id":57362,"href":"https:\/\/www.sauter-controls.com\/fr\/wp-json\/wp\/v2\/pages\/57266\/revisions\/57362"}],"up":[{"embeddable":true,"href":"https:\/\/www.sauter-controls.com\/fr\/wp-json\/wp\/v2\/pages\/2616"}],"wp:attachment":[{"href":"https:\/\/www.sauter-controls.com\/fr\/wp-json\/wp\/v2\/media?parent=57266"}],"curies":[{"name":"wp","href":"https:\/\/api.w.org\/{rel}","templated":true}]}}