{"id":50165,"date":"2022-07-05T13:03:17","date_gmt":"2022-07-05T11:03:17","guid":{"rendered":"https:\/\/www.sauter-controls.com\/?page_id=50165"},"modified":"2024-11-08T15:15:25","modified_gmt":"2024-11-08T14:15:25","slug":"automatisation-de-locaux","status":"publish","type":"page","link":"https:\/\/www.sauter-controls.com\/fr\/innovation\/automatisation-de-locaux\/","title":{"rendered":"Automatisation de locaux int\u00e9gr\u00e9e"},"content":{"rendered":"","protected":false},"excerpt":{"rendered":"","protected":false},"author":310,"featured_media":0,"parent":2602,"menu_order":0,"comment_status":"closed","ping_status":"closed","template":"page-raumautomation.php","meta":{"_acf_changed":false,"footnotes":""},"class_list":["post-50165","page","type-page","status-publish","hentry"],"acf":[],"yoast_head":"<!-- This site is optimized with the Yoast SEO plugin v26.1.1 - https:\/\/yoast.com\/wordpress\/plugins\/seo\/ -->\n<title>Automatisation de locaux int\u00e9gr\u00e9e - sauter-controls.com<\/title>\n<meta name=\"description\" content=\"SAUTER r\u00e9unit toutes les fonctions d\u2019automatisation de b\u00e2timents et de locaux avec le syst\u00e8me global de gestion et de l\u2019\u00e9nergie et garantit ainsi une exploitation optimis\u00e9e, flexible et \u00e9co\u00e9nerg\u00e9tique de votre bien. L\u2019automatisation de locaux int\u00e9gr\u00e9e de SAUTER commande non seulement le climat ambiant, mais aussi l\u2019\u00e9clairage et la protection solaire. Des programmes journaliers et le monitoring de l\u2019occupation des locaux garantissent une consommation d\u2019\u00e9nergie minimale tout en assurant un confort maximal.\" \/>\n<meta name=\"robots\" content=\"index, follow, max-snippet:-1, max-image-preview:large, max-video-preview:-1\" \/>\n<link rel=\"canonical\" href=\"https:\/\/www.sauter-controls.com\/fr\/innovation\/automatisation-de-locaux\/\" \/>\n<meta property=\"og:locale\" content=\"fr_FR\" \/>\n<meta property=\"og:type\" content=\"article\" \/>\n<meta property=\"og:title\" content=\"Automatisation de locaux int\u00e9gr\u00e9e - sauter-controls.com\" \/>\n<meta property=\"og:description\" content=\"SAUTER r\u00e9unit toutes les fonctions d\u2019automatisation de b\u00e2timents et de locaux avec le syst\u00e8me global de gestion et de l\u2019\u00e9nergie et garantit ainsi une exploitation optimis\u00e9e, flexible et \u00e9co\u00e9nerg\u00e9tique de votre bien. L\u2019automatisation de locaux int\u00e9gr\u00e9e de SAUTER commande non seulement le climat ambiant, mais aussi l\u2019\u00e9clairage et la protection solaire. Des programmes journaliers et le monitoring de l\u2019occupation des locaux garantissent une consommation d\u2019\u00e9nergie minimale tout en assurant un confort maximal.\" \/>\n<meta property=\"og:url\" content=\"https:\/\/www.sauter-controls.com\/fr\/innovation\/automatisation-de-locaux\/\" \/>\n<meta property=\"og:site_name\" content=\"sauter-controls.com\" \/>\n<meta property=\"article:modified_time\" content=\"2024-11-08T14:15:25+00:00\" \/>\n<meta name=\"twitter:card\" content=\"summary_large_image\" \/>\n<script type=\"application\/ld+json\" class=\"yoast-schema-graph\">{\"@context\":\"https:\/\/schema.org\",\"@graph\":[{\"@type\":\"WebPage\",\"@id\":\"https:\/\/www.sauter-controls.com\/fr\/innovation\/automatisation-de-locaux\/\",\"url\":\"https:\/\/www.sauter-controls.com\/fr\/innovation\/automatisation-de-locaux\/\",\"name\":\"Automatisation de locaux int\u00e9gr\u00e9e - sauter-controls.com\",\"isPartOf\":{\"@id\":\"https:\/\/www.sauter-controls.com\/en\/#website\"},\"datePublished\":\"2022-07-05T11:03:17+00:00\",\"dateModified\":\"2024-11-08T14:15:25+00:00\",\"description\":\"SAUTER r\u00e9unit toutes les fonctions d\u2019automatisation de b\u00e2timents et de locaux avec le syst\u00e8me global de gestion et de l\u2019\u00e9nergie et garantit ainsi une exploitation optimis\u00e9e, flexible et \u00e9co\u00e9nerg\u00e9tique de votre bien. L\u2019automatisation de locaux int\u00e9gr\u00e9e de SAUTER commande non seulement le climat ambiant, mais aussi l\u2019\u00e9clairage et la protection solaire. Des programmes journaliers et le monitoring de l\u2019occupation des locaux garantissent une consommation d\u2019\u00e9nergie minimale tout en assurant un confort maximal.\",\"breadcrumb\":{\"@id\":\"https:\/\/www.sauter-controls.com\/fr\/innovation\/automatisation-de-locaux\/#breadcrumb\"},\"inLanguage\":\"fr-FR\",\"potentialAction\":[{\"@type\":\"ReadAction\",\"target\":[\"https:\/\/www.sauter-controls.com\/fr\/innovation\/automatisation-de-locaux\/\"]}]},{\"@type\":\"BreadcrumbList\",\"@id\":\"https:\/\/www.sauter-controls.com\/fr\/innovation\/automatisation-de-locaux\/#breadcrumb\",\"itemListElement\":[{\"@type\":\"ListItem\",\"position\":1,\"name\":\"Home\",\"item\":\"https:\/\/www.sauter-controls.com\/fr\/\"},{\"@type\":\"ListItem\",\"position\":2,\"name\":\"Innovation\",\"item\":\"https:\/\/www.sauter-controls.com\/fr\/innovation\/\"},{\"@type\":\"ListItem\",\"position\":3,\"name\":\"Automatisation de locaux int\u00e9gr\u00e9e\"}]},{\"@type\":\"WebSite\",\"@id\":\"https:\/\/www.sauter-controls.com\/en\/#website\",\"url\":\"https:\/\/www.sauter-controls.com\/en\/\",\"name\":\"sauter-controls.com\",\"description\":\"\",\"potentialAction\":[{\"@type\":\"SearchAction\",\"target\":{\"@type\":\"EntryPoint\",\"urlTemplate\":\"https:\/\/www.sauter-controls.com\/en\/?s={search_term_string}\"},\"query-input\":{\"@type\":\"PropertyValueSpecification\",\"valueRequired\":true,\"valueName\":\"search_term_string\"}}],\"inLanguage\":\"fr-FR\"}]}<\/script>\n<!-- \/ Yoast SEO plugin. -->","yoast_head_json":{"title":"Automatisation de locaux int\u00e9gr\u00e9e - sauter-controls.com","description":"SAUTER r\u00e9unit toutes les fonctions d\u2019automatisation de b\u00e2timents et de locaux avec le syst\u00e8me global de gestion et de l\u2019\u00e9nergie et garantit ainsi une exploitation optimis\u00e9e, flexible et \u00e9co\u00e9nerg\u00e9tique de votre bien. L\u2019automatisation de locaux int\u00e9gr\u00e9e de SAUTER commande non seulement le climat ambiant, mais aussi l\u2019\u00e9clairage et la protection solaire. Des programmes journaliers et le monitoring de l\u2019occupation des locaux garantissent une consommation d\u2019\u00e9nergie minimale tout en assurant un confort maximal.","robots":{"index":"index","follow":"follow","max-snippet":"max-snippet:-1","max-image-preview":"max-image-preview:large","max-video-preview":"max-video-preview:-1"},"canonical":"https:\/\/www.sauter-controls.com\/fr\/innovation\/automatisation-de-locaux\/","og_locale":"fr_FR","og_type":"article","og_title":"Automatisation de locaux int\u00e9gr\u00e9e - sauter-controls.com","og_description":"SAUTER r\u00e9unit toutes les fonctions d\u2019automatisation de b\u00e2timents et de locaux avec le syst\u00e8me global de gestion et de l\u2019\u00e9nergie et garantit ainsi une exploitation optimis\u00e9e, flexible et \u00e9co\u00e9nerg\u00e9tique de votre bien. L\u2019automatisation de locaux int\u00e9gr\u00e9e de SAUTER commande non seulement le climat ambiant, mais aussi l\u2019\u00e9clairage et la protection solaire. Des programmes journaliers et le monitoring de l\u2019occupation des locaux garantissent une consommation d\u2019\u00e9nergie minimale tout en assurant un confort maximal.","og_url":"https:\/\/www.sauter-controls.com\/fr\/innovation\/automatisation-de-locaux\/","og_site_name":"sauter-controls.com","article_modified_time":"2024-11-08T14:15:25+00:00","twitter_card":"summary_large_image","schema":{"@context":"https:\/\/schema.org","@graph":[{"@type":"WebPage","@id":"https:\/\/www.sauter-controls.com\/fr\/innovation\/automatisation-de-locaux\/","url":"https:\/\/www.sauter-controls.com\/fr\/innovation\/automatisation-de-locaux\/","name":"Automatisation de locaux int\u00e9gr\u00e9e - sauter-controls.com","isPartOf":{"@id":"https:\/\/www.sauter-controls.com\/en\/#website"},"datePublished":"2022-07-05T11:03:17+00:00","dateModified":"2024-11-08T14:15:25+00:00","description":"SAUTER r\u00e9unit toutes les fonctions d\u2019automatisation de b\u00e2timents et de locaux avec le syst\u00e8me global de gestion et de l\u2019\u00e9nergie et garantit ainsi une exploitation optimis\u00e9e, flexible et \u00e9co\u00e9nerg\u00e9tique de votre bien. L\u2019automatisation de locaux int\u00e9gr\u00e9e de SAUTER commande non seulement le climat ambiant, mais aussi l\u2019\u00e9clairage et la protection solaire. Des programmes journaliers et le monitoring de l\u2019occupation des locaux garantissent une consommation d\u2019\u00e9nergie minimale tout en assurant un confort maximal.","breadcrumb":{"@id":"https:\/\/www.sauter-controls.com\/fr\/innovation\/automatisation-de-locaux\/#breadcrumb"},"inLanguage":"fr-FR","potentialAction":[{"@type":"ReadAction","target":["https:\/\/www.sauter-controls.com\/fr\/innovation\/automatisation-de-locaux\/"]}]},{"@type":"BreadcrumbList","@id":"https:\/\/www.sauter-controls.com\/fr\/innovation\/automatisation-de-locaux\/#breadcrumb","itemListElement":[{"@type":"ListItem","position":1,"name":"Home","item":"https:\/\/www.sauter-controls.com\/fr\/"},{"@type":"ListItem","position":2,"name":"Innovation","item":"https:\/\/www.sauter-controls.com\/fr\/innovation\/"},{"@type":"ListItem","position":3,"name":"Automatisation de locaux int\u00e9gr\u00e9e"}]},{"@type":"WebSite","@id":"https:\/\/www.sauter-controls.com\/en\/#website","url":"https:\/\/www.sauter-controls.com\/en\/","name":"sauter-controls.com","description":"","potentialAction":[{"@type":"SearchAction","target":{"@type":"EntryPoint","urlTemplate":"https:\/\/www.sauter-controls.com\/en\/?s={search_term_string}"},"query-input":{"@type":"PropertyValueSpecification","valueRequired":true,"valueName":"search_term_string"}}],"inLanguage":"fr-FR"}]}},"_links":{"self":[{"href":"https:\/\/www.sauter-controls.com\/fr\/wp-json\/wp\/v2\/pages\/50165","targetHints":{"allow":["GET"]}}],"collection":[{"href":"https:\/\/www.sauter-controls.com\/fr\/wp-json\/wp\/v2\/pages"}],"about":[{"href":"https:\/\/www.sauter-controls.com\/fr\/wp-json\/wp\/v2\/types\/page"}],"author":[{"embeddable":true,"href":"https:\/\/www.sauter-controls.com\/fr\/wp-json\/wp\/v2\/users\/310"}],"replies":[{"embeddable":true,"href":"https:\/\/www.sauter-controls.com\/fr\/wp-json\/wp\/v2\/comments?post=50165"}],"version-history":[{"count":11,"href":"https:\/\/www.sauter-controls.com\/fr\/wp-json\/wp\/v2\/pages\/50165\/revisions"}],"predecessor-version":[{"id":62840,"href":"https:\/\/www.sauter-controls.com\/fr\/wp-json\/wp\/v2\/pages\/50165\/revisions\/62840"}],"up":[{"embeddable":true,"href":"https:\/\/www.sauter-controls.com\/fr\/wp-json\/wp\/v2\/pages\/2602"}],"wp:attachment":[{"href":"https:\/\/www.sauter-controls.com\/fr\/wp-json\/wp\/v2\/media?parent=50165"}],"curies":[{"name":"wp","href":"https:\/\/api.w.org\/{rel}","templated":true}]}}