{"id":49946,"date":"2022-07-28T08:37:59","date_gmt":"2022-07-28T06:37:59","guid":{"rendered":"https:\/\/www.sauter-controls.com\/?page_id=49946"},"modified":"2024-11-08T15:25:38","modified_gmt":"2024-11-08T14:25:38","slug":"bacnet-sc","status":"publish","type":"page","link":"https:\/\/www.sauter-controls.com\/fr\/bacnet-sc\/","title":{"rendered":"BACnet\/SC"},"content":{"rendered":"<h1 style=\"text-align: center;\">BACnet\/SC<\/h1>\n<h2 style=\"text-align: center;\">Extension du standard BACnet chez SAUTER<\/h2>\n<p>&nbsp;<\/p>\n<p>BACnet est le standard de communication dans le domaine de l\u2019automatisation de b\u00e2timents. Avec BACnet\/SC (Secure Connect), une couche r\u00e9seau suppl\u00e9mentaire a \u00e9t\u00e9 ajout\u00e9e \u00e0 ce standard. Il y avait deux raisons essentielles \u00e0 cela\u00a0:<\/p>\n<p>&nbsp;<\/p>\n<ol>\n<li><strong>Utilisation d\u2019Internet et d\u2019infrastructures informatiques modernes<br \/>\n<\/strong>Les exigences de communication concernant l\u2019automatisation de b\u00e2timents ont augment\u00e9. L\u2019utilisation des infrastructures informatiques et des c\u00e2blages existants est ainsi de plus en plus souvent exig\u00e9e. Cela permet d\u2019utiliser Internet pour la transmission de donn\u00e9es, par exemple pour l\u2019int\u00e9gration de parties de b\u00e2timent et immeubles \u00e9loign\u00e9s. Les applications cloud n\u00e9cessitent \u00e9galement une transmission de donn\u00e9es via Internet.<\/li>\n<li><strong>Exigences de s\u00e9curit\u00e9 et protection des donn\u00e9es<br \/>\n<\/strong>Aujourd\u2019hui, l\u2019automatisation de b\u00e2timents est plus que jamais soumise aux exigences de la protection des donn\u00e9es. Un acc\u00e8s accidentel ou non autoris\u00e9 aux donn\u00e9es transmises peut avoir de graves cons\u00e9quences sur le fonctionnement des \u00e9quipements techniques du b\u00e2timent.<\/li>\n<\/ol>\n<p>&nbsp;<\/p>\n<p>BACnet\/SC fournit la solution \u00e0 ces deux exigences, sans pour autant renoncer aux services BACnet \u00e9tablis incorpor\u00e9s dans les UGL, tels que l\u2019enregistrement des donn\u00e9es (Trend Log) et les programmes horaires (Schedule, Calendar), etc.<\/p>\n","protected":false},"excerpt":{"rendered":"<p>BACnet\/SC Extension du standard BACnet chez SAUTER &nbsp; BACnet est le standard de communication dans le domaine de l\u2019automatisation de b\u00e2timents. Avec BACnet\/SC (Secure Connect), une couche r\u00e9seau suppl\u00e9mentaire a \u00e9t\u00e9 ajout\u00e9e \u00e0 ce standard. Il y avait deux raisons essentielles \u00e0 cela\u00a0: &nbsp; Utilisation d\u2019Internet et d\u2019infrastructures informatiques modernes Les exigences de communication concernant [&hellip;]<\/p>\n","protected":false},"author":1980,"featured_media":0,"parent":0,"menu_order":0,"comment_status":"closed","ping_status":"closed","template":"page-innovation-bacnet.php","meta":{"_acf_changed":false,"footnotes":""},"class_list":["post-49946","page","type-page","status-publish","hentry"],"acf":[],"yoast_head":"<!-- This site is optimized with the Yoast SEO plugin v26.1.1 - https:\/\/yoast.com\/wordpress\/plugins\/seo\/ -->\n<title>Extension du standard BACnet chez SAUTER<\/title>\n<meta name=\"description\" content=\"Avec BACnet\/SC (Secure Connect), une couche r\u00e9seau suppl\u00e9mentaire pour la cybers\u00e9curit\u00e9 a \u00e9t\u00e9 ajout\u00e9e \u00e0 le standard de communication. SAUTER a impl\u00e9ment\u00e9 BACnet\/SC dans modulo 6 et le SAUTER Vision Center. En outre, SAUTER a d\u00e9velopp\u00e9 un routeur BACnet\/SC.\" \/>\n<meta name=\"robots\" content=\"index, follow, max-snippet:-1, max-image-preview:large, max-video-preview:-1\" \/>\n<link rel=\"canonical\" href=\"https:\/\/www.sauter-controls.com\/fr\/bacnet-sc\/\" \/>\n<meta property=\"og:locale\" content=\"fr_FR\" \/>\n<meta property=\"og:type\" content=\"article\" \/>\n<meta property=\"og:title\" content=\"Extension du standard BACnet chez SAUTER\" \/>\n<meta property=\"og:description\" content=\"Avec BACnet\/SC (Secure Connect), une couche r\u00e9seau suppl\u00e9mentaire pour la cybers\u00e9curit\u00e9 a \u00e9t\u00e9 ajout\u00e9e \u00e0 le standard de communication. SAUTER a impl\u00e9ment\u00e9 BACnet\/SC dans modulo 6 et le SAUTER Vision Center. En outre, SAUTER a d\u00e9velopp\u00e9 un routeur BACnet\/SC.\" \/>\n<meta property=\"og:url\" content=\"https:\/\/www.sauter-controls.com\/fr\/bacnet-sc\/\" \/>\n<meta property=\"og:site_name\" content=\"sauter-controls.com\" \/>\n<meta property=\"article:modified_time\" content=\"2024-11-08T14:25:38+00:00\" \/>\n<meta name=\"twitter:card\" content=\"summary_large_image\" \/>\n<meta name=\"twitter:label1\" content=\"Dur\u00e9e de lecture estim\u00e9e\" \/>\n\t<meta name=\"twitter:data1\" content=\"2 minutes\" \/>\n<script type=\"application\/ld+json\" class=\"yoast-schema-graph\">{\"@context\":\"https:\/\/schema.org\",\"@graph\":[{\"@type\":\"WebPage\",\"@id\":\"https:\/\/www.sauter-controls.com\/fr\/bacnet-sc\/\",\"url\":\"https:\/\/www.sauter-controls.com\/fr\/bacnet-sc\/\",\"name\":\"Extension du standard BACnet chez SAUTER\",\"isPartOf\":{\"@id\":\"https:\/\/www.sauter-controls.com\/en\/#website\"},\"datePublished\":\"2022-07-28T06:37:59+00:00\",\"dateModified\":\"2024-11-08T14:25:38+00:00\",\"description\":\"Avec BACnet\/SC (Secure Connect), une couche r\u00e9seau suppl\u00e9mentaire pour la cybers\u00e9curit\u00e9 a \u00e9t\u00e9 ajout\u00e9e \u00e0 le standard de communication. SAUTER a impl\u00e9ment\u00e9 BACnet\/SC dans modulo 6 et le SAUTER Vision Center. En outre, SAUTER a d\u00e9velopp\u00e9 un routeur BACnet\/SC.\",\"breadcrumb\":{\"@id\":\"https:\/\/www.sauter-controls.com\/fr\/bacnet-sc\/#breadcrumb\"},\"inLanguage\":\"fr-FR\",\"potentialAction\":[{\"@type\":\"ReadAction\",\"target\":[\"https:\/\/www.sauter-controls.com\/fr\/bacnet-sc\/\"]}]},{\"@type\":\"BreadcrumbList\",\"@id\":\"https:\/\/www.sauter-controls.com\/fr\/bacnet-sc\/#breadcrumb\",\"itemListElement\":[{\"@type\":\"ListItem\",\"position\":1,\"name\":\"Home\",\"item\":\"https:\/\/www.sauter-controls.com\/fr\/\"},{\"@type\":\"ListItem\",\"position\":2,\"name\":\"BACnet\/SC\"}]},{\"@type\":\"WebSite\",\"@id\":\"https:\/\/www.sauter-controls.com\/en\/#website\",\"url\":\"https:\/\/www.sauter-controls.com\/en\/\",\"name\":\"sauter-controls.com\",\"description\":\"\",\"potentialAction\":[{\"@type\":\"SearchAction\",\"target\":{\"@type\":\"EntryPoint\",\"urlTemplate\":\"https:\/\/www.sauter-controls.com\/en\/?s={search_term_string}\"},\"query-input\":{\"@type\":\"PropertyValueSpecification\",\"valueRequired\":true,\"valueName\":\"search_term_string\"}}],\"inLanguage\":\"fr-FR\"}]}<\/script>\n<!-- \/ Yoast SEO plugin. -->","yoast_head_json":{"title":"Extension du standard BACnet chez SAUTER","description":"Avec BACnet\/SC (Secure Connect), une couche r\u00e9seau suppl\u00e9mentaire pour la cybers\u00e9curit\u00e9 a \u00e9t\u00e9 ajout\u00e9e \u00e0 le standard de communication. SAUTER a impl\u00e9ment\u00e9 BACnet\/SC dans modulo 6 et le SAUTER Vision Center. En outre, SAUTER a d\u00e9velopp\u00e9 un routeur BACnet\/SC.","robots":{"index":"index","follow":"follow","max-snippet":"max-snippet:-1","max-image-preview":"max-image-preview:large","max-video-preview":"max-video-preview:-1"},"canonical":"https:\/\/www.sauter-controls.com\/fr\/bacnet-sc\/","og_locale":"fr_FR","og_type":"article","og_title":"Extension du standard BACnet chez SAUTER","og_description":"Avec BACnet\/SC (Secure Connect), une couche r\u00e9seau suppl\u00e9mentaire pour la cybers\u00e9curit\u00e9 a \u00e9t\u00e9 ajout\u00e9e \u00e0 le standard de communication. SAUTER a impl\u00e9ment\u00e9 BACnet\/SC dans modulo 6 et le SAUTER Vision Center. En outre, SAUTER a d\u00e9velopp\u00e9 un routeur BACnet\/SC.","og_url":"https:\/\/www.sauter-controls.com\/fr\/bacnet-sc\/","og_site_name":"sauter-controls.com","article_modified_time":"2024-11-08T14:25:38+00:00","twitter_card":"summary_large_image","twitter_misc":{"Dur\u00e9e de lecture estim\u00e9e":"2 minutes"},"schema":{"@context":"https:\/\/schema.org","@graph":[{"@type":"WebPage","@id":"https:\/\/www.sauter-controls.com\/fr\/bacnet-sc\/","url":"https:\/\/www.sauter-controls.com\/fr\/bacnet-sc\/","name":"Extension du standard BACnet chez SAUTER","isPartOf":{"@id":"https:\/\/www.sauter-controls.com\/en\/#website"},"datePublished":"2022-07-28T06:37:59+00:00","dateModified":"2024-11-08T14:25:38+00:00","description":"Avec BACnet\/SC (Secure Connect), une couche r\u00e9seau suppl\u00e9mentaire pour la cybers\u00e9curit\u00e9 a \u00e9t\u00e9 ajout\u00e9e \u00e0 le standard de communication. SAUTER a impl\u00e9ment\u00e9 BACnet\/SC dans modulo 6 et le SAUTER Vision Center. En outre, SAUTER a d\u00e9velopp\u00e9 un routeur BACnet\/SC.","breadcrumb":{"@id":"https:\/\/www.sauter-controls.com\/fr\/bacnet-sc\/#breadcrumb"},"inLanguage":"fr-FR","potentialAction":[{"@type":"ReadAction","target":["https:\/\/www.sauter-controls.com\/fr\/bacnet-sc\/"]}]},{"@type":"BreadcrumbList","@id":"https:\/\/www.sauter-controls.com\/fr\/bacnet-sc\/#breadcrumb","itemListElement":[{"@type":"ListItem","position":1,"name":"Home","item":"https:\/\/www.sauter-controls.com\/fr\/"},{"@type":"ListItem","position":2,"name":"BACnet\/SC"}]},{"@type":"WebSite","@id":"https:\/\/www.sauter-controls.com\/en\/#website","url":"https:\/\/www.sauter-controls.com\/en\/","name":"sauter-controls.com","description":"","potentialAction":[{"@type":"SearchAction","target":{"@type":"EntryPoint","urlTemplate":"https:\/\/www.sauter-controls.com\/en\/?s={search_term_string}"},"query-input":{"@type":"PropertyValueSpecification","valueRequired":true,"valueName":"search_term_string"}}],"inLanguage":"fr-FR"}]}},"_links":{"self":[{"href":"https:\/\/www.sauter-controls.com\/fr\/wp-json\/wp\/v2\/pages\/49946","targetHints":{"allow":["GET"]}}],"collection":[{"href":"https:\/\/www.sauter-controls.com\/fr\/wp-json\/wp\/v2\/pages"}],"about":[{"href":"https:\/\/www.sauter-controls.com\/fr\/wp-json\/wp\/v2\/types\/page"}],"author":[{"embeddable":true,"href":"https:\/\/www.sauter-controls.com\/fr\/wp-json\/wp\/v2\/users\/1980"}],"replies":[{"embeddable":true,"href":"https:\/\/www.sauter-controls.com\/fr\/wp-json\/wp\/v2\/comments?post=49946"}],"version-history":[{"count":7,"href":"https:\/\/www.sauter-controls.com\/fr\/wp-json\/wp\/v2\/pages\/49946\/revisions"}],"predecessor-version":[{"id":62847,"href":"https:\/\/www.sauter-controls.com\/fr\/wp-json\/wp\/v2\/pages\/49946\/revisions\/62847"}],"wp:attachment":[{"href":"https:\/\/www.sauter-controls.com\/fr\/wp-json\/wp\/v2\/media?parent=49946"}],"curies":[{"name":"wp","href":"https:\/\/api.w.org\/{rel}","templated":true}]}}