{"id":39387,"date":"2020-04-28T11:28:13","date_gmt":"2020-04-28T09:28:13","guid":{"rendered":"https:\/\/www.sauter-controls.com\/?page_id=39387"},"modified":"2024-03-27T16:50:32","modified_gmt":"2024-03-27T15:50:32","slug":"moduweb-unity","status":"publish","type":"page","link":"https:\/\/www.sauter-controls.com\/fr\/innovation\/moduweb-unity\/","title":{"rendered":"moduWeb Unity"},"content":{"rendered":"","protected":false},"excerpt":{"rendered":"","protected":false},"author":55,"featured_media":0,"parent":2602,"menu_order":0,"comment_status":"closed","ping_status":"closed","template":"page-innovation.php","meta":{"_acf_changed":false,"footnotes":""},"class_list":["post-39387","page","type-page","status-publish","hentry"],"acf":[],"yoast_head":"<!-- This site is optimized with the Yoast SEO plugin v26.1.1 - https:\/\/yoast.com\/wordpress\/plugins\/seo\/ -->\n<title>moduWeb Unity - sauter-controls.com<\/title>\n<meta name=\"description\" content=\"Syst\u00e8me de gestion efficace et solution de visualisation locale pour l&#039;analyse et l&#039;op\u00e9ration des installations via le cloud. Version de d\u00e9monstration disponible.\" \/>\n<meta name=\"robots\" content=\"index, follow, max-snippet:-1, max-image-preview:large, max-video-preview:-1\" \/>\n<link rel=\"canonical\" href=\"https:\/\/www.sauter-controls.com\/fr\/innovation\/moduweb-unity\/\" \/>\n<meta property=\"og:locale\" content=\"fr_FR\" \/>\n<meta property=\"og:type\" content=\"article\" \/>\n<meta property=\"og:title\" content=\"moduWeb Unity - sauter-controls.com\" \/>\n<meta property=\"og:description\" content=\"Syst\u00e8me de gestion efficace et solution de visualisation locale pour l&#039;analyse et l&#039;op\u00e9ration des installations via le cloud. Version de d\u00e9monstration disponible.\" \/>\n<meta property=\"og:url\" content=\"https:\/\/www.sauter-controls.com\/fr\/innovation\/moduweb-unity\/\" \/>\n<meta property=\"og:site_name\" content=\"sauter-controls.com\" \/>\n<meta property=\"article:modified_time\" content=\"2024-03-27T15:50:32+00:00\" \/>\n<meta name=\"twitter:card\" content=\"summary_large_image\" \/>\n<script type=\"application\/ld+json\" class=\"yoast-schema-graph\">{\"@context\":\"https:\/\/schema.org\",\"@graph\":[{\"@type\":\"WebPage\",\"@id\":\"https:\/\/www.sauter-controls.com\/fr\/innovation\/moduweb-unity\/\",\"url\":\"https:\/\/www.sauter-controls.com\/fr\/innovation\/moduweb-unity\/\",\"name\":\"moduWeb Unity - sauter-controls.com\",\"isPartOf\":{\"@id\":\"https:\/\/www.sauter-controls.com\/en\/#website\"},\"datePublished\":\"2020-04-28T09:28:13+00:00\",\"dateModified\":\"2024-03-27T15:50:32+00:00\",\"description\":\"Syst\u00e8me de gestion efficace et solution de visualisation locale pour l'analyse et l'op\u00e9ration des installations via le cloud. Version de d\u00e9monstration disponible.\",\"breadcrumb\":{\"@id\":\"https:\/\/www.sauter-controls.com\/fr\/innovation\/moduweb-unity\/#breadcrumb\"},\"inLanguage\":\"fr-FR\",\"potentialAction\":[{\"@type\":\"ReadAction\",\"target\":[\"https:\/\/www.sauter-controls.com\/fr\/innovation\/moduweb-unity\/\"]}]},{\"@type\":\"BreadcrumbList\",\"@id\":\"https:\/\/www.sauter-controls.com\/fr\/innovation\/moduweb-unity\/#breadcrumb\",\"itemListElement\":[{\"@type\":\"ListItem\",\"position\":1,\"name\":\"Home\",\"item\":\"https:\/\/www.sauter-controls.com\/fr\/\"},{\"@type\":\"ListItem\",\"position\":2,\"name\":\"Innovation\",\"item\":\"https:\/\/www.sauter-controls.com\/fr\/innovation\/\"},{\"@type\":\"ListItem\",\"position\":3,\"name\":\"moduWeb Unity\"}]},{\"@type\":\"WebSite\",\"@id\":\"https:\/\/www.sauter-controls.com\/en\/#website\",\"url\":\"https:\/\/www.sauter-controls.com\/en\/\",\"name\":\"sauter-controls.com\",\"description\":\"\",\"potentialAction\":[{\"@type\":\"SearchAction\",\"target\":{\"@type\":\"EntryPoint\",\"urlTemplate\":\"https:\/\/www.sauter-controls.com\/en\/?s={search_term_string}\"},\"query-input\":{\"@type\":\"PropertyValueSpecification\",\"valueRequired\":true,\"valueName\":\"search_term_string\"}}],\"inLanguage\":\"fr-FR\"}]}<\/script>\n<!-- \/ Yoast SEO plugin. -->","yoast_head_json":{"title":"moduWeb Unity - sauter-controls.com","description":"Syst\u00e8me de gestion efficace et solution de visualisation locale pour l'analyse et l'op\u00e9ration des installations via le cloud. Version de d\u00e9monstration disponible.","robots":{"index":"index","follow":"follow","max-snippet":"max-snippet:-1","max-image-preview":"max-image-preview:large","max-video-preview":"max-video-preview:-1"},"canonical":"https:\/\/www.sauter-controls.com\/fr\/innovation\/moduweb-unity\/","og_locale":"fr_FR","og_type":"article","og_title":"moduWeb Unity - sauter-controls.com","og_description":"Syst\u00e8me de gestion efficace et solution de visualisation locale pour l'analyse et l'op\u00e9ration des installations via le cloud. Version de d\u00e9monstration disponible.","og_url":"https:\/\/www.sauter-controls.com\/fr\/innovation\/moduweb-unity\/","og_site_name":"sauter-controls.com","article_modified_time":"2024-03-27T15:50:32+00:00","twitter_card":"summary_large_image","schema":{"@context":"https:\/\/schema.org","@graph":[{"@type":"WebPage","@id":"https:\/\/www.sauter-controls.com\/fr\/innovation\/moduweb-unity\/","url":"https:\/\/www.sauter-controls.com\/fr\/innovation\/moduweb-unity\/","name":"moduWeb Unity - sauter-controls.com","isPartOf":{"@id":"https:\/\/www.sauter-controls.com\/en\/#website"},"datePublished":"2020-04-28T09:28:13+00:00","dateModified":"2024-03-27T15:50:32+00:00","description":"Syst\u00e8me de gestion efficace et solution de visualisation locale pour l'analyse et l'op\u00e9ration des installations via le cloud. Version de d\u00e9monstration disponible.","breadcrumb":{"@id":"https:\/\/www.sauter-controls.com\/fr\/innovation\/moduweb-unity\/#breadcrumb"},"inLanguage":"fr-FR","potentialAction":[{"@type":"ReadAction","target":["https:\/\/www.sauter-controls.com\/fr\/innovation\/moduweb-unity\/"]}]},{"@type":"BreadcrumbList","@id":"https:\/\/www.sauter-controls.com\/fr\/innovation\/moduweb-unity\/#breadcrumb","itemListElement":[{"@type":"ListItem","position":1,"name":"Home","item":"https:\/\/www.sauter-controls.com\/fr\/"},{"@type":"ListItem","position":2,"name":"Innovation","item":"https:\/\/www.sauter-controls.com\/fr\/innovation\/"},{"@type":"ListItem","position":3,"name":"moduWeb Unity"}]},{"@type":"WebSite","@id":"https:\/\/www.sauter-controls.com\/en\/#website","url":"https:\/\/www.sauter-controls.com\/en\/","name":"sauter-controls.com","description":"","potentialAction":[{"@type":"SearchAction","target":{"@type":"EntryPoint","urlTemplate":"https:\/\/www.sauter-controls.com\/en\/?s={search_term_string}"},"query-input":{"@type":"PropertyValueSpecification","valueRequired":true,"valueName":"search_term_string"}}],"inLanguage":"fr-FR"}]}},"_links":{"self":[{"href":"https:\/\/www.sauter-controls.com\/fr\/wp-json\/wp\/v2\/pages\/39387","targetHints":{"allow":["GET"]}}],"collection":[{"href":"https:\/\/www.sauter-controls.com\/fr\/wp-json\/wp\/v2\/pages"}],"about":[{"href":"https:\/\/www.sauter-controls.com\/fr\/wp-json\/wp\/v2\/types\/page"}],"author":[{"embeddable":true,"href":"https:\/\/www.sauter-controls.com\/fr\/wp-json\/wp\/v2\/users\/55"}],"replies":[{"embeddable":true,"href":"https:\/\/www.sauter-controls.com\/fr\/wp-json\/wp\/v2\/comments?post=39387"}],"version-history":[{"count":12,"href":"https:\/\/www.sauter-controls.com\/fr\/wp-json\/wp\/v2\/pages\/39387\/revisions"}],"predecessor-version":[{"id":56686,"href":"https:\/\/www.sauter-controls.com\/fr\/wp-json\/wp\/v2\/pages\/39387\/revisions\/56686"}],"up":[{"embeddable":true,"href":"https:\/\/www.sauter-controls.com\/fr\/wp-json\/wp\/v2\/pages\/2602"}],"wp:attachment":[{"href":"https:\/\/www.sauter-controls.com\/fr\/wp-json\/wp\/v2\/media?parent=39387"}],"curies":[{"name":"wp","href":"https:\/\/api.w.org\/{rel}","templated":true}]}}