{"id":3505,"date":"2018-12-05T12:12:12","date_gmt":"2018-12-05T11:12:12","guid":{"rendered":"http:\/\/www.sauter-controls.com\/secteurs\/gesundheit\/"},"modified":"2024-02-13T18:20:05","modified_gmt":"2024-02-13T17:20:05","slug":"sante","status":"publish","type":"page","link":"https:\/\/www.sauter-controls.com\/fr\/secteurs\/sante\/","title":{"rendered":"Sant\u00e9"},"content":{"rendered":"","protected":false},"excerpt":{"rendered":"","protected":false},"author":1,"featured_media":0,"parent":2976,"menu_order":0,"comment_status":"closed","ping_status":"closed","template":"page-Branchen.php","meta":{"_acf_changed":false,"footnotes":""},"class_list":["post-3505","page","type-page","status-publish","hentry"],"acf":[],"yoast_head":"<!-- This site is optimized with the Yoast SEO plugin v26.1.1 - https:\/\/yoast.com\/wordpress\/plugins\/seo\/ -->\n<title>Automatisation des b\u00e2timents pour les \u00e9tablissements de sant\u00e9<\/title>\n<meta name=\"robots\" content=\"index, follow, max-snippet:-1, max-image-preview:large, max-video-preview:-1\" \/>\n<link rel=\"canonical\" href=\"https:\/\/www.sauter-controls.com\/fr\/secteurs\/sante\/\" \/>\n<meta property=\"og:locale\" content=\"fr_FR\" \/>\n<meta property=\"og:type\" content=\"article\" \/>\n<meta property=\"og:title\" content=\"Automatisation des b\u00e2timents pour les \u00e9tablissements de sant\u00e9\" \/>\n<meta property=\"og:url\" content=\"https:\/\/www.sauter-controls.com\/fr\/secteurs\/sante\/\" \/>\n<meta property=\"og:site_name\" content=\"sauter-controls.com\" \/>\n<meta property=\"article:modified_time\" content=\"2024-02-13T17:20:05+00:00\" \/>\n<meta name=\"twitter:card\" content=\"summary_large_image\" \/>\n<script type=\"application\/ld+json\" class=\"yoast-schema-graph\">{\"@context\":\"https:\/\/schema.org\",\"@graph\":[{\"@type\":\"WebPage\",\"@id\":\"https:\/\/www.sauter-controls.com\/fr\/secteurs\/sante\/\",\"url\":\"https:\/\/www.sauter-controls.com\/fr\/secteurs\/sante\/\",\"name\":\"Automatisation des b\u00e2timents pour les \u00e9tablissements de sant\u00e9\",\"isPartOf\":{\"@id\":\"https:\/\/www.sauter-controls.com\/en\/#website\"},\"datePublished\":\"2018-12-05T11:12:12+00:00\",\"dateModified\":\"2024-02-13T17:20:05+00:00\",\"breadcrumb\":{\"@id\":\"https:\/\/www.sauter-controls.com\/fr\/secteurs\/sante\/#breadcrumb\"},\"inLanguage\":\"fr-FR\",\"potentialAction\":[{\"@type\":\"ReadAction\",\"target\":[\"https:\/\/www.sauter-controls.com\/fr\/secteurs\/sante\/\"]}]},{\"@type\":\"BreadcrumbList\",\"@id\":\"https:\/\/www.sauter-controls.com\/fr\/secteurs\/sante\/#breadcrumb\",\"itemListElement\":[{\"@type\":\"ListItem\",\"position\":1,\"name\":\"Home\",\"item\":\"https:\/\/www.sauter-controls.com\/fr\/\"},{\"@type\":\"ListItem\",\"position\":2,\"name\":\"Secteurs\",\"item\":\"https:\/\/www.sauter-controls.com\/fr\/secteurs\/\"},{\"@type\":\"ListItem\",\"position\":3,\"name\":\"Sant\u00e9\"}]},{\"@type\":\"WebSite\",\"@id\":\"https:\/\/www.sauter-controls.com\/en\/#website\",\"url\":\"https:\/\/www.sauter-controls.com\/en\/\",\"name\":\"sauter-controls.com\",\"description\":\"\",\"potentialAction\":[{\"@type\":\"SearchAction\",\"target\":{\"@type\":\"EntryPoint\",\"urlTemplate\":\"https:\/\/www.sauter-controls.com\/en\/?s={search_term_string}\"},\"query-input\":{\"@type\":\"PropertyValueSpecification\",\"valueRequired\":true,\"valueName\":\"search_term_string\"}}],\"inLanguage\":\"fr-FR\"}]}<\/script>\n<!-- \/ Yoast SEO plugin. -->","yoast_head_json":{"title":"Automatisation des b\u00e2timents pour les \u00e9tablissements de sant\u00e9","robots":{"index":"index","follow":"follow","max-snippet":"max-snippet:-1","max-image-preview":"max-image-preview:large","max-video-preview":"max-video-preview:-1"},"canonical":"https:\/\/www.sauter-controls.com\/fr\/secteurs\/sante\/","og_locale":"fr_FR","og_type":"article","og_title":"Automatisation des b\u00e2timents pour les \u00e9tablissements de sant\u00e9","og_url":"https:\/\/www.sauter-controls.com\/fr\/secteurs\/sante\/","og_site_name":"sauter-controls.com","article_modified_time":"2024-02-13T17:20:05+00:00","twitter_card":"summary_large_image","schema":{"@context":"https:\/\/schema.org","@graph":[{"@type":"WebPage","@id":"https:\/\/www.sauter-controls.com\/fr\/secteurs\/sante\/","url":"https:\/\/www.sauter-controls.com\/fr\/secteurs\/sante\/","name":"Automatisation des b\u00e2timents pour les \u00e9tablissements de sant\u00e9","isPartOf":{"@id":"https:\/\/www.sauter-controls.com\/en\/#website"},"datePublished":"2018-12-05T11:12:12+00:00","dateModified":"2024-02-13T17:20:05+00:00","breadcrumb":{"@id":"https:\/\/www.sauter-controls.com\/fr\/secteurs\/sante\/#breadcrumb"},"inLanguage":"fr-FR","potentialAction":[{"@type":"ReadAction","target":["https:\/\/www.sauter-controls.com\/fr\/secteurs\/sante\/"]}]},{"@type":"BreadcrumbList","@id":"https:\/\/www.sauter-controls.com\/fr\/secteurs\/sante\/#breadcrumb","itemListElement":[{"@type":"ListItem","position":1,"name":"Home","item":"https:\/\/www.sauter-controls.com\/fr\/"},{"@type":"ListItem","position":2,"name":"Secteurs","item":"https:\/\/www.sauter-controls.com\/fr\/secteurs\/"},{"@type":"ListItem","position":3,"name":"Sant\u00e9"}]},{"@type":"WebSite","@id":"https:\/\/www.sauter-controls.com\/en\/#website","url":"https:\/\/www.sauter-controls.com\/en\/","name":"sauter-controls.com","description":"","potentialAction":[{"@type":"SearchAction","target":{"@type":"EntryPoint","urlTemplate":"https:\/\/www.sauter-controls.com\/en\/?s={search_term_string}"},"query-input":{"@type":"PropertyValueSpecification","valueRequired":true,"valueName":"search_term_string"}}],"inLanguage":"fr-FR"}]}},"_links":{"self":[{"href":"https:\/\/www.sauter-controls.com\/fr\/wp-json\/wp\/v2\/pages\/3505","targetHints":{"allow":["GET"]}}],"collection":[{"href":"https:\/\/www.sauter-controls.com\/fr\/wp-json\/wp\/v2\/pages"}],"about":[{"href":"https:\/\/www.sauter-controls.com\/fr\/wp-json\/wp\/v2\/types\/page"}],"author":[{"embeddable":true,"href":"https:\/\/www.sauter-controls.com\/fr\/wp-json\/wp\/v2\/users\/1"}],"replies":[{"embeddable":true,"href":"https:\/\/www.sauter-controls.com\/fr\/wp-json\/wp\/v2\/comments?post=3505"}],"version-history":[{"count":15,"href":"https:\/\/www.sauter-controls.com\/fr\/wp-json\/wp\/v2\/pages\/3505\/revisions"}],"predecessor-version":[{"id":55880,"href":"https:\/\/www.sauter-controls.com\/fr\/wp-json\/wp\/v2\/pages\/3505\/revisions\/55880"}],"up":[{"embeddable":true,"href":"https:\/\/www.sauter-controls.com\/fr\/wp-json\/wp\/v2\/pages\/2976"}],"wp:attachment":[{"href":"https:\/\/www.sauter-controls.com\/fr\/wp-json\/wp\/v2\/media?parent=3505"}],"curies":[{"name":"wp","href":"https:\/\/api.w.org\/{rel}","templated":true}]}}