{"id":34801,"date":"2019-10-16T14:24:39","date_gmt":"2019-10-16T12:24:39","guid":{"rendered":"https:\/\/www.sauter-controls.com\/?page_id=34801"},"modified":"2025-11-26T16:09:32","modified_gmt":"2025-11-26T15:09:32","slug":"sauter-facts","status":"publish","type":"page","link":"https:\/\/www.sauter-controls.com\/fr\/entreprise\/news\/sauter-facts\/","title":{"rendered":"SAUTER FACTS"},"content":{"rendered":"<h2>Le magazine client du groupe SAUTER<\/h2>\n<p>SAUTER FACTS, le magazine client du groupe SAUTER, vous informe sur les d\u00e9veloppements techniques, les activit\u00e9s des march\u00e9s internationaux et pr\u00e9sente des projets de r\u00e9f\u00e9rence particuli\u00e8rement int\u00e9ressants.<\/p>\n<p>&nbsp;<\/p>\n<h2>\u00c9dition actuelle de SAUTER FACTS<\/h2>\n<p><a href=\"https:\/\/issuu.com\/sauter\/docs\/sauter_facts_nr._44_-_2025_-_fran_ais?fr=sZWExYzg0Mjg1NTI\"\n   target=\"_blank\" rel=\"noopener\"><br \/>\n    <img decoding=\"async\" class=\"aligncenter wp-image-62467 size-medium\"\n         src=\"https:\/\/www.sauter-controls.com\/wp-content\/uploads\/2025\/11\/Snippet-Cover-FR.png\"\n         alt=\"SAUTER FACTS Couverture FR\"\n         width=\"283\" height=\"300\" \/><br \/>\n<\/a><\/p>\n","protected":false},"excerpt":{"rendered":"<p>Le magazine client du groupe SAUTER SAUTER FACTS, le magazine client du groupe SAUTER, vous informe sur les d\u00e9veloppements techniques, les activit\u00e9s des march\u00e9s internationaux et pr\u00e9sente des projets de r\u00e9f\u00e9rence particuli\u00e8rement int\u00e9ressants. &nbsp; \u00c9dition actuelle de SAUTER FACTS<\/p>\n","protected":false},"author":23,"featured_media":0,"parent":2562,"menu_order":1,"comment_status":"closed","ping_status":"closed","template":"page-facts.php","meta":{"_acf_changed":false,"footnotes":""},"class_list":["post-34801","page","type-page","status-publish","hentry"],"acf":{"zertifikat_download":"","Verhaltenskodex_download":"","video_download":""},"yoast_head":"<!-- This site is optimized with the Yoast SEO plugin v26.1.1 - https:\/\/yoast.com\/wordpress\/plugins\/seo\/ -->\n<title>SAUTER FACTS - sauter-controls.com<\/title>\n<meta name=\"robots\" content=\"index, follow, max-snippet:-1, max-image-preview:large, max-video-preview:-1\" \/>\n<link rel=\"canonical\" href=\"https:\/\/www.sauter-controls.com\/fr\/entreprise\/news\/sauter-facts\/\" \/>\n<meta property=\"og:locale\" content=\"fr_FR\" \/>\n<meta property=\"og:type\" content=\"article\" \/>\n<meta property=\"og:title\" content=\"SAUTER FACTS - sauter-controls.com\" \/>\n<meta property=\"og:description\" content=\"Le magazine client du groupe SAUTER SAUTER FACTS, le magazine client du groupe SAUTER, vous informe sur les d\u00e9veloppements techniques, les activit\u00e9s des march\u00e9s internationaux et pr\u00e9sente des projets de r\u00e9f\u00e9rence particuli\u00e8rement int\u00e9ressants. &nbsp; \u00c9dition actuelle de SAUTER FACTS\" \/>\n<meta property=\"og:url\" content=\"https:\/\/www.sauter-controls.com\/fr\/entreprise\/news\/sauter-facts\/\" \/>\n<meta property=\"og:site_name\" content=\"sauter-controls.com\" \/>\n<meta property=\"article:modified_time\" content=\"2025-11-26T15:09:32+00:00\" \/>\n<meta property=\"og:image\" content=\"https:\/\/www.sauter-controls.com\/wp-content\/uploads\/2024\/10\/P100017994-SAUTER-modulo-6-2024-DE.png\" \/>\n\t<meta property=\"og:image:width\" content=\"733\" \/>\n\t<meta property=\"og:image:height\" content=\"776\" \/>\n\t<meta property=\"og:image:type\" content=\"image\/png\" \/>\n<meta name=\"twitter:card\" content=\"summary_large_image\" \/>\n<meta name=\"twitter:label1\" content=\"Dur\u00e9e de lecture estim\u00e9e\" \/>\n\t<meta name=\"twitter:data1\" content=\"1 minute\" \/>\n<script type=\"application\/ld+json\" class=\"yoast-schema-graph\">{\"@context\":\"https:\/\/schema.org\",\"@graph\":[{\"@type\":\"WebPage\",\"@id\":\"https:\/\/www.sauter-controls.com\/fr\/entreprise\/news\/sauter-facts\/\",\"url\":\"https:\/\/www.sauter-controls.com\/fr\/entreprise\/news\/sauter-facts\/\",\"name\":\"SAUTER FACTS - sauter-controls.com\",\"isPartOf\":{\"@id\":\"https:\/\/www.sauter-controls.com\/en\/#website\"},\"primaryImageOfPage\":{\"@id\":\"https:\/\/www.sauter-controls.com\/fr\/entreprise\/news\/sauter-facts\/#primaryimage\"},\"image\":{\"@id\":\"https:\/\/www.sauter-controls.com\/fr\/entreprise\/news\/sauter-facts\/#primaryimage\"},\"thumbnailUrl\":\"https:\/\/www.sauter-controls.com\/wp-content\/uploads\/2025\/11\/Snippet-Cover-FR.png\",\"datePublished\":\"2019-10-16T12:24:39+00:00\",\"dateModified\":\"2025-11-26T15:09:32+00:00\",\"breadcrumb\":{\"@id\":\"https:\/\/www.sauter-controls.com\/fr\/entreprise\/news\/sauter-facts\/#breadcrumb\"},\"inLanguage\":\"fr-FR\",\"potentialAction\":[{\"@type\":\"ReadAction\",\"target\":[\"https:\/\/www.sauter-controls.com\/fr\/entreprise\/news\/sauter-facts\/\"]}]},{\"@type\":\"ImageObject\",\"inLanguage\":\"fr-FR\",\"@id\":\"https:\/\/www.sauter-controls.com\/fr\/entreprise\/news\/sauter-facts\/#primaryimage\",\"url\":\"https:\/\/www.sauter-controls.com\/wp-content\/uploads\/2025\/11\/Snippet-Cover-FR.png\",\"contentUrl\":\"https:\/\/www.sauter-controls.com\/wp-content\/uploads\/2025\/11\/Snippet-Cover-FR.png\"},{\"@type\":\"BreadcrumbList\",\"@id\":\"https:\/\/www.sauter-controls.com\/fr\/entreprise\/news\/sauter-facts\/#breadcrumb\",\"itemListElement\":[{\"@type\":\"ListItem\",\"position\":1,\"name\":\"Home\",\"item\":\"https:\/\/www.sauter-controls.com\/fr\/\"},{\"@type\":\"ListItem\",\"position\":2,\"name\":\"Entreprise\",\"item\":\"https:\/\/www.sauter-controls.com\/fr\/entreprise\/\"},{\"@type\":\"ListItem\",\"position\":3,\"name\":\"News\",\"item\":\"https:\/\/www.sauter-controls.com\/fr\/entreprise\/news\/\"},{\"@type\":\"ListItem\",\"position\":4,\"name\":\"SAUTER FACTS\"}]},{\"@type\":\"WebSite\",\"@id\":\"https:\/\/www.sauter-controls.com\/en\/#website\",\"url\":\"https:\/\/www.sauter-controls.com\/en\/\",\"name\":\"sauter-controls.com\",\"description\":\"\",\"potentialAction\":[{\"@type\":\"SearchAction\",\"target\":{\"@type\":\"EntryPoint\",\"urlTemplate\":\"https:\/\/www.sauter-controls.com\/en\/?s={search_term_string}\"},\"query-input\":{\"@type\":\"PropertyValueSpecification\",\"valueRequired\":true,\"valueName\":\"search_term_string\"}}],\"inLanguage\":\"fr-FR\"}]}<\/script>\n<!-- \/ Yoast SEO plugin. -->","yoast_head_json":{"title":"SAUTER FACTS - sauter-controls.com","robots":{"index":"index","follow":"follow","max-snippet":"max-snippet:-1","max-image-preview":"max-image-preview:large","max-video-preview":"max-video-preview:-1"},"canonical":"https:\/\/www.sauter-controls.com\/fr\/entreprise\/news\/sauter-facts\/","og_locale":"fr_FR","og_type":"article","og_title":"SAUTER FACTS - sauter-controls.com","og_description":"Le magazine client du groupe SAUTER SAUTER FACTS, le magazine client du groupe SAUTER, vous informe sur les d\u00e9veloppements techniques, les activit\u00e9s des march\u00e9s internationaux et pr\u00e9sente des projets de r\u00e9f\u00e9rence particuli\u00e8rement int\u00e9ressants. &nbsp; \u00c9dition actuelle de SAUTER FACTS","og_url":"https:\/\/www.sauter-controls.com\/fr\/entreprise\/news\/sauter-facts\/","og_site_name":"sauter-controls.com","article_modified_time":"2025-11-26T15:09:32+00:00","og_image":[{"width":733,"height":776,"url":"https:\/\/www.sauter-controls.com\/wp-content\/uploads\/2024\/10\/P100017994-SAUTER-modulo-6-2024-DE.png","type":"image\/png"}],"twitter_card":"summary_large_image","twitter_misc":{"Dur\u00e9e de lecture estim\u00e9e":"1 minute"},"schema":{"@context":"https:\/\/schema.org","@graph":[{"@type":"WebPage","@id":"https:\/\/www.sauter-controls.com\/fr\/entreprise\/news\/sauter-facts\/","url":"https:\/\/www.sauter-controls.com\/fr\/entreprise\/news\/sauter-facts\/","name":"SAUTER FACTS - sauter-controls.com","isPartOf":{"@id":"https:\/\/www.sauter-controls.com\/en\/#website"},"primaryImageOfPage":{"@id":"https:\/\/www.sauter-controls.com\/fr\/entreprise\/news\/sauter-facts\/#primaryimage"},"image":{"@id":"https:\/\/www.sauter-controls.com\/fr\/entreprise\/news\/sauter-facts\/#primaryimage"},"thumbnailUrl":"https:\/\/www.sauter-controls.com\/wp-content\/uploads\/2025\/11\/Snippet-Cover-FR.png","datePublished":"2019-10-16T12:24:39+00:00","dateModified":"2025-11-26T15:09:32+00:00","breadcrumb":{"@id":"https:\/\/www.sauter-controls.com\/fr\/entreprise\/news\/sauter-facts\/#breadcrumb"},"inLanguage":"fr-FR","potentialAction":[{"@type":"ReadAction","target":["https:\/\/www.sauter-controls.com\/fr\/entreprise\/news\/sauter-facts\/"]}]},{"@type":"ImageObject","inLanguage":"fr-FR","@id":"https:\/\/www.sauter-controls.com\/fr\/entreprise\/news\/sauter-facts\/#primaryimage","url":"https:\/\/www.sauter-controls.com\/wp-content\/uploads\/2025\/11\/Snippet-Cover-FR.png","contentUrl":"https:\/\/www.sauter-controls.com\/wp-content\/uploads\/2025\/11\/Snippet-Cover-FR.png"},{"@type":"BreadcrumbList","@id":"https:\/\/www.sauter-controls.com\/fr\/entreprise\/news\/sauter-facts\/#breadcrumb","itemListElement":[{"@type":"ListItem","position":1,"name":"Home","item":"https:\/\/www.sauter-controls.com\/fr\/"},{"@type":"ListItem","position":2,"name":"Entreprise","item":"https:\/\/www.sauter-controls.com\/fr\/entreprise\/"},{"@type":"ListItem","position":3,"name":"News","item":"https:\/\/www.sauter-controls.com\/fr\/entreprise\/news\/"},{"@type":"ListItem","position":4,"name":"SAUTER FACTS"}]},{"@type":"WebSite","@id":"https:\/\/www.sauter-controls.com\/en\/#website","url":"https:\/\/www.sauter-controls.com\/en\/","name":"sauter-controls.com","description":"","potentialAction":[{"@type":"SearchAction","target":{"@type":"EntryPoint","urlTemplate":"https:\/\/www.sauter-controls.com\/en\/?s={search_term_string}"},"query-input":{"@type":"PropertyValueSpecification","valueRequired":true,"valueName":"search_term_string"}}],"inLanguage":"fr-FR"}]}},"_links":{"self":[{"href":"https:\/\/www.sauter-controls.com\/fr\/wp-json\/wp\/v2\/pages\/34801","targetHints":{"allow":["GET"]}}],"collection":[{"href":"https:\/\/www.sauter-controls.com\/fr\/wp-json\/wp\/v2\/pages"}],"about":[{"href":"https:\/\/www.sauter-controls.com\/fr\/wp-json\/wp\/v2\/types\/page"}],"author":[{"embeddable":true,"href":"https:\/\/www.sauter-controls.com\/fr\/wp-json\/wp\/v2\/users\/23"}],"replies":[{"embeddable":true,"href":"https:\/\/www.sauter-controls.com\/fr\/wp-json\/wp\/v2\/comments?post=34801"}],"version-history":[{"count":10,"href":"https:\/\/www.sauter-controls.com\/fr\/wp-json\/wp\/v2\/pages\/34801\/revisions"}],"predecessor-version":[{"id":66850,"href":"https:\/\/www.sauter-controls.com\/fr\/wp-json\/wp\/v2\/pages\/34801\/revisions\/66850"}],"up":[{"embeddable":true,"href":"https:\/\/www.sauter-controls.com\/fr\/wp-json\/wp\/v2\/pages\/2562"}],"wp:attachment":[{"href":"https:\/\/www.sauter-controls.com\/fr\/wp-json\/wp\/v2\/media?parent=34801"}],"curies":[{"name":"wp","href":"https:\/\/api.w.org\/{rel}","templated":true}]}}