{"id":2603,"date":"2018-12-05T16:07:02","date_gmt":"2018-12-05T15:07:02","guid":{"rendered":"http:\/\/www.sauter-controls.com\/innovation\/cloud-iot-connector\/"},"modified":"2020-09-04T11:52:08","modified_gmt":"2020-09-04T09:52:08","slug":"cloud-iot-connector","status":"publish","type":"page","link":"https:\/\/www.sauter-controls.com\/fr\/innovation\/cloud-iot-connector\/","title":{"rendered":"Cloud IoT-Connector"},"content":{"rendered":"","protected":false},"excerpt":{"rendered":"","protected":false},"author":1,"featured_media":0,"parent":2602,"menu_order":0,"comment_status":"closed","ping_status":"closed","template":"Multi-carre-petit-bandeau-bleu.php","meta":{"_acf_changed":false,"footnotes":""},"class_list":["post-2603","page","type-page","status-publish","hentry"],"acf":[],"yoast_head":"<!-- This site is optimized with the Yoast SEO plugin v26.1.1 - https:\/\/yoast.com\/wordpress\/plugins\/seo\/ -->\n<title>Cloud IoT-Connector - sauter-controls.com<\/title>\n<meta name=\"description\" content=\"Avec la station d&#039;automatisation BACnet et le MQTT dans le Cloud - simple, s\u00e9curis\u00e9 et innovant. Passerelle BACnet MQTT pour l&#039;IdO du b\u00e2timent.\" \/>\n<meta name=\"robots\" content=\"index, follow, max-snippet:-1, max-image-preview:large, max-video-preview:-1\" \/>\n<link rel=\"canonical\" href=\"https:\/\/www.sauter-controls.com\/fr\/innovation\/cloud-iot-connector\/\" \/>\n<meta property=\"og:locale\" content=\"fr_FR\" \/>\n<meta property=\"og:type\" content=\"article\" \/>\n<meta property=\"og:title\" content=\"Cloud IoT-Connector - sauter-controls.com\" \/>\n<meta property=\"og:description\" content=\"Avec la station d&#039;automatisation BACnet et le MQTT dans le Cloud - simple, s\u00e9curis\u00e9 et innovant. Passerelle BACnet MQTT pour l&#039;IdO du b\u00e2timent.\" \/>\n<meta property=\"og:url\" content=\"https:\/\/www.sauter-controls.com\/fr\/innovation\/cloud-iot-connector\/\" \/>\n<meta property=\"og:site_name\" content=\"sauter-controls.com\" \/>\n<meta property=\"article:modified_time\" content=\"2020-09-04T09:52:08+00:00\" \/>\n<meta name=\"twitter:card\" content=\"summary_large_image\" \/>\n<script type=\"application\/ld+json\" class=\"yoast-schema-graph\">{\"@context\":\"https:\/\/schema.org\",\"@graph\":[{\"@type\":\"WebPage\",\"@id\":\"https:\/\/www.sauter-controls.com\/fr\/innovation\/cloud-iot-connector\/\",\"url\":\"https:\/\/www.sauter-controls.com\/fr\/innovation\/cloud-iot-connector\/\",\"name\":\"Cloud IoT-Connector - sauter-controls.com\",\"isPartOf\":{\"@id\":\"https:\/\/www.sauter-controls.com\/en\/#website\"},\"datePublished\":\"2018-12-05T15:07:02+00:00\",\"dateModified\":\"2020-09-04T09:52:08+00:00\",\"description\":\"Avec la station d'automatisation BACnet et le MQTT dans le Cloud - simple, s\u00e9curis\u00e9 et innovant. Passerelle BACnet MQTT pour l'IdO du b\u00e2timent.\",\"breadcrumb\":{\"@id\":\"https:\/\/www.sauter-controls.com\/fr\/innovation\/cloud-iot-connector\/#breadcrumb\"},\"inLanguage\":\"fr-FR\",\"potentialAction\":[{\"@type\":\"ReadAction\",\"target\":[\"https:\/\/www.sauter-controls.com\/fr\/innovation\/cloud-iot-connector\/\"]}]},{\"@type\":\"BreadcrumbList\",\"@id\":\"https:\/\/www.sauter-controls.com\/fr\/innovation\/cloud-iot-connector\/#breadcrumb\",\"itemListElement\":[{\"@type\":\"ListItem\",\"position\":1,\"name\":\"Home\",\"item\":\"https:\/\/www.sauter-controls.com\/fr\/\"},{\"@type\":\"ListItem\",\"position\":2,\"name\":\"Innovation\",\"item\":\"https:\/\/www.sauter-controls.com\/fr\/innovation\/\"},{\"@type\":\"ListItem\",\"position\":3,\"name\":\"Cloud IoT-Connector\"}]},{\"@type\":\"WebSite\",\"@id\":\"https:\/\/www.sauter-controls.com\/en\/#website\",\"url\":\"https:\/\/www.sauter-controls.com\/en\/\",\"name\":\"sauter-controls.com\",\"description\":\"\",\"potentialAction\":[{\"@type\":\"SearchAction\",\"target\":{\"@type\":\"EntryPoint\",\"urlTemplate\":\"https:\/\/www.sauter-controls.com\/en\/?s={search_term_string}\"},\"query-input\":{\"@type\":\"PropertyValueSpecification\",\"valueRequired\":true,\"valueName\":\"search_term_string\"}}],\"inLanguage\":\"fr-FR\"}]}<\/script>\n<!-- \/ Yoast SEO plugin. -->","yoast_head_json":{"title":"Cloud IoT-Connector - sauter-controls.com","description":"Avec la station d'automatisation BACnet et le MQTT dans le Cloud - simple, s\u00e9curis\u00e9 et innovant. Passerelle BACnet MQTT pour l'IdO du b\u00e2timent.","robots":{"index":"index","follow":"follow","max-snippet":"max-snippet:-1","max-image-preview":"max-image-preview:large","max-video-preview":"max-video-preview:-1"},"canonical":"https:\/\/www.sauter-controls.com\/fr\/innovation\/cloud-iot-connector\/","og_locale":"fr_FR","og_type":"article","og_title":"Cloud IoT-Connector - sauter-controls.com","og_description":"Avec la station d'automatisation BACnet et le MQTT dans le Cloud - simple, s\u00e9curis\u00e9 et innovant. Passerelle BACnet MQTT pour l'IdO du b\u00e2timent.","og_url":"https:\/\/www.sauter-controls.com\/fr\/innovation\/cloud-iot-connector\/","og_site_name":"sauter-controls.com","article_modified_time":"2020-09-04T09:52:08+00:00","twitter_card":"summary_large_image","schema":{"@context":"https:\/\/schema.org","@graph":[{"@type":"WebPage","@id":"https:\/\/www.sauter-controls.com\/fr\/innovation\/cloud-iot-connector\/","url":"https:\/\/www.sauter-controls.com\/fr\/innovation\/cloud-iot-connector\/","name":"Cloud IoT-Connector - sauter-controls.com","isPartOf":{"@id":"https:\/\/www.sauter-controls.com\/en\/#website"},"datePublished":"2018-12-05T15:07:02+00:00","dateModified":"2020-09-04T09:52:08+00:00","description":"Avec la station d'automatisation BACnet et le MQTT dans le Cloud - simple, s\u00e9curis\u00e9 et innovant. Passerelle BACnet MQTT pour l'IdO du b\u00e2timent.","breadcrumb":{"@id":"https:\/\/www.sauter-controls.com\/fr\/innovation\/cloud-iot-connector\/#breadcrumb"},"inLanguage":"fr-FR","potentialAction":[{"@type":"ReadAction","target":["https:\/\/www.sauter-controls.com\/fr\/innovation\/cloud-iot-connector\/"]}]},{"@type":"BreadcrumbList","@id":"https:\/\/www.sauter-controls.com\/fr\/innovation\/cloud-iot-connector\/#breadcrumb","itemListElement":[{"@type":"ListItem","position":1,"name":"Home","item":"https:\/\/www.sauter-controls.com\/fr\/"},{"@type":"ListItem","position":2,"name":"Innovation","item":"https:\/\/www.sauter-controls.com\/fr\/innovation\/"},{"@type":"ListItem","position":3,"name":"Cloud IoT-Connector"}]},{"@type":"WebSite","@id":"https:\/\/www.sauter-controls.com\/en\/#website","url":"https:\/\/www.sauter-controls.com\/en\/","name":"sauter-controls.com","description":"","potentialAction":[{"@type":"SearchAction","target":{"@type":"EntryPoint","urlTemplate":"https:\/\/www.sauter-controls.com\/en\/?s={search_term_string}"},"query-input":{"@type":"PropertyValueSpecification","valueRequired":true,"valueName":"search_term_string"}}],"inLanguage":"fr-FR"}]}},"_links":{"self":[{"href":"https:\/\/www.sauter-controls.com\/fr\/wp-json\/wp\/v2\/pages\/2603","targetHints":{"allow":["GET"]}}],"collection":[{"href":"https:\/\/www.sauter-controls.com\/fr\/wp-json\/wp\/v2\/pages"}],"about":[{"href":"https:\/\/www.sauter-controls.com\/fr\/wp-json\/wp\/v2\/types\/page"}],"author":[{"embeddable":true,"href":"https:\/\/www.sauter-controls.com\/fr\/wp-json\/wp\/v2\/users\/1"}],"replies":[{"embeddable":true,"href":"https:\/\/www.sauter-controls.com\/fr\/wp-json\/wp\/v2\/comments?post=2603"}],"version-history":[{"count":11,"href":"https:\/\/www.sauter-controls.com\/fr\/wp-json\/wp\/v2\/pages\/2603\/revisions"}],"predecessor-version":[{"id":40398,"href":"https:\/\/www.sauter-controls.com\/fr\/wp-json\/wp\/v2\/pages\/2603\/revisions\/40398"}],"up":[{"embeddable":true,"href":"https:\/\/www.sauter-controls.com\/fr\/wp-json\/wp\/v2\/pages\/2602"}],"wp:attachment":[{"href":"https:\/\/www.sauter-controls.com\/fr\/wp-json\/wp\/v2\/media?parent=2603"}],"curies":[{"name":"wp","href":"https:\/\/api.w.org\/{rel}","templated":true}]}}