{"id":2162,"date":"2018-10-17T10:24:43","date_gmt":"2018-10-17T08:24:43","guid":{"rendered":"http:\/\/www.sauter-controls.com\/ueber-uns\/"},"modified":"2026-03-30T13:22:19","modified_gmt":"2026-03-30T11:22:19","slug":"qui-sommes-nous","status":"publish","type":"page","link":"https:\/\/www.sauter-controls.com\/fr\/entreprise\/qui-sommes-nous\/","title":{"rendered":"Qui sommes-nous ?"},"content":{"rendered":"","protected":false},"excerpt":{"rendered":"","protected":false},"author":1,"featured_media":0,"parent":2464,"menu_order":2,"comment_status":"closed","ping_status":"closed","template":"page-uber-uns.php","meta":{"_acf_changed":false,"footnotes":""},"class_list":["post-2162","page","type-page","status-publish","hentry"],"acf":[],"yoast_head":"<!-- This site is optimized with the Yoast SEO plugin v26.1.1 - https:\/\/yoast.com\/wordpress\/plugins\/seo\/ -->\n<title>Qui sommes-nous ? - SAUTER automatisation des b\u00e2timents<\/title>\n<meta name=\"description\" content=\"Trouvez des informations sur notre entreprise et nos comp\u00e9tences cl\u00e9s : R\u00e9alisation et gestion d\u2019installations CVC et Electriques \u2713 Int\u00e9gration de syst\u00e8mes tiers \u2713 Facility management technique \u2713 Produits de r\u00e9gulation que de contr\u00f4le \u2713\" \/>\n<meta name=\"robots\" content=\"index, follow, max-snippet:-1, max-image-preview:large, max-video-preview:-1\" \/>\n<link rel=\"canonical\" href=\"https:\/\/www.sauter-controls.com\/fr\/entreprise\/qui-sommes-nous\/\" \/>\n<meta property=\"og:locale\" content=\"fr_FR\" \/>\n<meta property=\"og:type\" content=\"article\" \/>\n<meta property=\"og:title\" content=\"Qui sommes-nous ? - SAUTER automatisation des b\u00e2timents\" \/>\n<meta property=\"og:description\" content=\"Trouvez des informations sur notre entreprise et nos comp\u00e9tences cl\u00e9s : R\u00e9alisation et gestion d\u2019installations CVC et Electriques \u2713 Int\u00e9gration de syst\u00e8mes tiers \u2713 Facility management technique \u2713 Produits de r\u00e9gulation que de contr\u00f4le \u2713\" \/>\n<meta property=\"og:url\" content=\"https:\/\/www.sauter-controls.com\/fr\/entreprise\/qui-sommes-nous\/\" \/>\n<meta property=\"og:site_name\" content=\"sauter-controls.com\" \/>\n<meta property=\"article:modified_time\" content=\"2026-03-30T11:22:19+00:00\" \/>\n<meta name=\"twitter:card\" content=\"summary_large_image\" \/>\n<script type=\"application\/ld+json\" class=\"yoast-schema-graph\">{\"@context\":\"https:\/\/schema.org\",\"@graph\":[{\"@type\":\"WebPage\",\"@id\":\"https:\/\/www.sauter-controls.com\/fr\/entreprise\/qui-sommes-nous\/\",\"url\":\"https:\/\/www.sauter-controls.com\/fr\/entreprise\/qui-sommes-nous\/\",\"name\":\"Qui sommes-nous ? - SAUTER automatisation des b\u00e2timents\",\"isPartOf\":{\"@id\":\"https:\/\/www.sauter-controls.com\/en\/#website\"},\"datePublished\":\"2018-10-17T08:24:43+00:00\",\"dateModified\":\"2026-03-30T11:22:19+00:00\",\"description\":\"Trouvez des informations sur notre entreprise et nos comp\u00e9tences cl\u00e9s : R\u00e9alisation et gestion d\u2019installations CVC et Electriques \u2713 Int\u00e9gration de syst\u00e8mes tiers \u2713 Facility management technique \u2713 Produits de r\u00e9gulation que de contr\u00f4le \u2713\",\"breadcrumb\":{\"@id\":\"https:\/\/www.sauter-controls.com\/fr\/entreprise\/qui-sommes-nous\/#breadcrumb\"},\"inLanguage\":\"fr-FR\",\"potentialAction\":[{\"@type\":\"ReadAction\",\"target\":[\"https:\/\/www.sauter-controls.com\/fr\/entreprise\/qui-sommes-nous\/\"]}]},{\"@type\":\"BreadcrumbList\",\"@id\":\"https:\/\/www.sauter-controls.com\/fr\/entreprise\/qui-sommes-nous\/#breadcrumb\",\"itemListElement\":[{\"@type\":\"ListItem\",\"position\":1,\"name\":\"Home\",\"item\":\"https:\/\/www.sauter-controls.com\/fr\/\"},{\"@type\":\"ListItem\",\"position\":2,\"name\":\"Entreprise\",\"item\":\"https:\/\/www.sauter-controls.com\/fr\/entreprise\/\"},{\"@type\":\"ListItem\",\"position\":3,\"name\":\"Qui sommes-nous ?\"}]},{\"@type\":\"WebSite\",\"@id\":\"https:\/\/www.sauter-controls.com\/en\/#website\",\"url\":\"https:\/\/www.sauter-controls.com\/en\/\",\"name\":\"sauter-controls.com\",\"description\":\"\",\"potentialAction\":[{\"@type\":\"SearchAction\",\"target\":{\"@type\":\"EntryPoint\",\"urlTemplate\":\"https:\/\/www.sauter-controls.com\/en\/?s={search_term_string}\"},\"query-input\":{\"@type\":\"PropertyValueSpecification\",\"valueRequired\":true,\"valueName\":\"search_term_string\"}}],\"inLanguage\":\"fr-FR\"}]}<\/script>\n<!-- \/ Yoast SEO plugin. -->","yoast_head_json":{"title":"Qui sommes-nous ? - SAUTER automatisation des b\u00e2timents","description":"Trouvez des informations sur notre entreprise et nos comp\u00e9tences cl\u00e9s : R\u00e9alisation et gestion d\u2019installations CVC et Electriques \u2713 Int\u00e9gration de syst\u00e8mes tiers \u2713 Facility management technique \u2713 Produits de r\u00e9gulation que de contr\u00f4le \u2713","robots":{"index":"index","follow":"follow","max-snippet":"max-snippet:-1","max-image-preview":"max-image-preview:large","max-video-preview":"max-video-preview:-1"},"canonical":"https:\/\/www.sauter-controls.com\/fr\/entreprise\/qui-sommes-nous\/","og_locale":"fr_FR","og_type":"article","og_title":"Qui sommes-nous ? - SAUTER automatisation des b\u00e2timents","og_description":"Trouvez des informations sur notre entreprise et nos comp\u00e9tences cl\u00e9s : R\u00e9alisation et gestion d\u2019installations CVC et Electriques \u2713 Int\u00e9gration de syst\u00e8mes tiers \u2713 Facility management technique \u2713 Produits de r\u00e9gulation que de contr\u00f4le \u2713","og_url":"https:\/\/www.sauter-controls.com\/fr\/entreprise\/qui-sommes-nous\/","og_site_name":"sauter-controls.com","article_modified_time":"2026-03-30T11:22:19+00:00","twitter_card":"summary_large_image","schema":{"@context":"https:\/\/schema.org","@graph":[{"@type":"WebPage","@id":"https:\/\/www.sauter-controls.com\/fr\/entreprise\/qui-sommes-nous\/","url":"https:\/\/www.sauter-controls.com\/fr\/entreprise\/qui-sommes-nous\/","name":"Qui sommes-nous ? - SAUTER automatisation des b\u00e2timents","isPartOf":{"@id":"https:\/\/www.sauter-controls.com\/en\/#website"},"datePublished":"2018-10-17T08:24:43+00:00","dateModified":"2026-03-30T11:22:19+00:00","description":"Trouvez des informations sur notre entreprise et nos comp\u00e9tences cl\u00e9s : R\u00e9alisation et gestion d\u2019installations CVC et Electriques \u2713 Int\u00e9gration de syst\u00e8mes tiers \u2713 Facility management technique \u2713 Produits de r\u00e9gulation que de contr\u00f4le \u2713","breadcrumb":{"@id":"https:\/\/www.sauter-controls.com\/fr\/entreprise\/qui-sommes-nous\/#breadcrumb"},"inLanguage":"fr-FR","potentialAction":[{"@type":"ReadAction","target":["https:\/\/www.sauter-controls.com\/fr\/entreprise\/qui-sommes-nous\/"]}]},{"@type":"BreadcrumbList","@id":"https:\/\/www.sauter-controls.com\/fr\/entreprise\/qui-sommes-nous\/#breadcrumb","itemListElement":[{"@type":"ListItem","position":1,"name":"Home","item":"https:\/\/www.sauter-controls.com\/fr\/"},{"@type":"ListItem","position":2,"name":"Entreprise","item":"https:\/\/www.sauter-controls.com\/fr\/entreprise\/"},{"@type":"ListItem","position":3,"name":"Qui sommes-nous ?"}]},{"@type":"WebSite","@id":"https:\/\/www.sauter-controls.com\/en\/#website","url":"https:\/\/www.sauter-controls.com\/en\/","name":"sauter-controls.com","description":"","potentialAction":[{"@type":"SearchAction","target":{"@type":"EntryPoint","urlTemplate":"https:\/\/www.sauter-controls.com\/en\/?s={search_term_string}"},"query-input":{"@type":"PropertyValueSpecification","valueRequired":true,"valueName":"search_term_string"}}],"inLanguage":"fr-FR"}]}},"_links":{"self":[{"href":"https:\/\/www.sauter-controls.com\/fr\/wp-json\/wp\/v2\/pages\/2162","targetHints":{"allow":["GET"]}}],"collection":[{"href":"https:\/\/www.sauter-controls.com\/fr\/wp-json\/wp\/v2\/pages"}],"about":[{"href":"https:\/\/www.sauter-controls.com\/fr\/wp-json\/wp\/v2\/types\/page"}],"author":[{"embeddable":true,"href":"https:\/\/www.sauter-controls.com\/fr\/wp-json\/wp\/v2\/users\/1"}],"replies":[{"embeddable":true,"href":"https:\/\/www.sauter-controls.com\/fr\/wp-json\/wp\/v2\/comments?post=2162"}],"version-history":[{"count":77,"href":"https:\/\/www.sauter-controls.com\/fr\/wp-json\/wp\/v2\/pages\/2162\/revisions"}],"predecessor-version":[{"id":67973,"href":"https:\/\/www.sauter-controls.com\/fr\/wp-json\/wp\/v2\/pages\/2162\/revisions\/67973"}],"up":[{"embeddable":true,"href":"https:\/\/www.sauter-controls.com\/fr\/wp-json\/wp\/v2\/pages\/2464"}],"wp:attachment":[{"href":"https:\/\/www.sauter-controls.com\/fr\/wp-json\/wp\/v2\/media?parent=2162"}],"curies":[{"name":"wp","href":"https:\/\/api.w.org\/{rel}","templated":true}]}}